{"id":2304,"date":"2025-02-10T20:18:38","date_gmt":"2025-02-10T20:18:38","guid":{"rendered":"https:\/\/theroyalcamper.com\/?page_id=2304"},"modified":"2025-02-10T20:22:06","modified_gmt":"2025-02-10T20:22:06","slug":"thank-you","status":"publish","type":"page","link":"https:\/\/theroyalcamper.com\/de\/thank-you\/","title":{"rendered":"Danke!"},"content":{"rendered":"<div data-elementor-type=\"wp-page\" data-elementor-id=\"2304\" class=\"elementor elementor-2304\" data-elementor-post-type=\"page\">\n\t\t\t\t<div data-dce-background-image-url=\"https:\/\/theroyalcamper.com\/wp-content\/uploads\/2025\/01\/xal5.jpg\" class=\"elementor-element elementor-element-4811a1b e-con-full e-flex e-con e-parent\" data-id=\"4811a1b\" data-element_type=\"container\" data-settings=\"{&quot;background_background&quot;:&quot;classic&quot;}\">\n\t\t\t\t<\/div>\n\t\t<div class=\"elementor-element elementor-element-f44899a e-flex e-con-boxed e-con e-parent\" data-id=\"f44899a\" data-element_type=\"container\">\n\t\t\t\t\t<div class=\"e-con-inner\">\n\t\t\t\t\t<\/div>\n\t\t\t\t<\/div>\n\t\t<div class=\"elementor-element elementor-element-eb3b1c5 e-flex e-con-boxed e-con e-parent\" data-id=\"eb3b1c5\" data-element_type=\"container\">\n\t\t\t\t\t<div class=\"e-con-inner\">\n\t\t<div class=\"elementor-element elementor-element-4b60f9f e-con-full e-flex e-con e-child\" data-id=\"4b60f9f\" data-element_type=\"container\">\n\t\t\t\t<div class=\"elementor-element elementor-element-0f74835 elementor-widget elementor-widget-text-editor\" data-id=\"0f74835\" data-element_type=\"widget\" data-widget_type=\"text-editor.default\">\n\t\t\t\t<div class=\"elementor-widget-container\">\n\t\t\t\t\t\t\t\t\t<p><strong>Vielen Dank f\u00fcr Ihre Anfrage!<\/strong><\/p><p>Ihre Anfrage zur Miete eines Campervans wurde erfolgreich \u00fcbermittelt! \ud83d\ude90\u2728<\/p><p>Unser Team \u00fcberpr\u00fcft derzeit die Details und wird sich in K\u00fcrze mit Ihnen in Verbindung setzen, um die Verf\u00fcgbarkeit zu best\u00e4tigen und Ihre Buchung abzuschlie\u00dfen. Eine Zahlung ist in diesem Stadium nicht erforderlich \u2013 es handelt sich nur um eine vorl\u00e4ufige Anfrage.<\/p><p>Falls Sie in der Zwischenzeit Fragen haben oder Ihre Anfrage \u00e4ndern m\u00f6chten, k\u00f6nnen Sie uns gerne kontaktieren unter <a href=\"mailto:info@theroyalcamper.com\"><strong>info@theroyalcamper.com.<\/strong><\/a><\/p><p>Wir freuen uns darauf, Ihnen bei der Planung Ihres n\u00e4chsten Abenteuers zu helfen! \ud83c\udf0d\ud83c\udfd5\ufe0f<\/p><p><strong>The Royal Camper Team<\/strong><\/p>\t\t\t\t\t\t\t\t<\/div>\n\t\t\t\t<\/div>\n\t\t\t\t<\/div>\n\t\t\t\t\t<\/div>\n\t\t\t\t<\/div>\n\t\t<div class=\"elementor-element elementor-element-8059f8e e-flex e-con-boxed e-con e-parent\" data-id=\"8059f8e\" data-element_type=\"container\">\n\t\t\t\t\t<div class=\"e-con-inner\">\n\t\t\t\t\t<\/div>\n\t\t\t\t<\/div>\n\t\t<div class=\"elementor-element elementor-element-73425b8 e-flex e-con-boxed e-con e-parent\" data-id=\"73425b8\" data-element_type=\"container\">\n\t\t\t\t\t<div class=\"e-con-inner\">\n\t\t\t\t<div class=\"elementor-element elementor-element-5c41805 elementor-widget elementor-widget-spacer\" data-id=\"5c41805\" data-element_type=\"widget\" data-widget_type=\"spacer.default\">\n\t\t\t\t<div class=\"elementor-widget-container\">\n\t\t\t\t\t\t\t<div class=\"elementor-spacer\">\n\t\t\t<div class=\"elementor-spacer-inner\"><\/div>\n\t\t<\/div>\n\t\t\t\t\t\t<\/div>\n\t\t\t\t<\/div>\n\t\t\t\t\t<\/div>\n\t\t\t\t<\/div>\n\t\t\t\t<\/div>","protected":false},"excerpt":{"rendered":"<p>Thank You for Your Request! Your camper van rental request has been successfully submitted! \ud83d\ude90\u2728 Our team is now reviewing the details, and we will contact you shortly to confirm availability and finalize your booking. No payment is required at this stage\u2014this is just a preliminary request. In the meantime, if you have any questions&hellip;<\/p>","protected":false},"author":1,"featured_media":0,"parent":0,"menu_order":0,"comment_status":"closed","ping_status":"closed","template":"elementor_header_footer","meta":{"_acf_changed":false,"_monsterinsights_skip_tracking":false,"_monsterinsights_sitenote_active":false,"_monsterinsights_sitenote_note":"","_monsterinsights_sitenote_category":0,"footnotes":""},"class_list":["post-2304","page","type-page","status-publish","hentry"],"acf":[],"yoast_head":"<!-- This site is optimized with the Yoast SEO plugin v27.5 - https:\/\/yoast.com\/product\/yoast-seo-wordpress\/ -->\n<title>Thank you! - The Royal Camper<\/title>\n<meta name=\"robots\" content=\"index, follow, max-snippet:-1, max-image-preview:large, max-video-preview:-1\" \/>\n<link rel=\"canonical\" href=\"https:\/\/theroyalcamper.com\/de\/thank-you\/\" \/>\n<meta property=\"og:locale\" content=\"de_DE\" \/>\n<meta property=\"og:type\" content=\"article\" \/>\n<meta property=\"og:title\" content=\"Thank you! - The Royal Camper\" \/>\n<meta property=\"og:description\" content=\"Thank You for Your Request! Your camper van rental request has been successfully submitted! \ud83d\ude90\u2728 Our team is now reviewing the details, and we will contact you shortly to confirm availability and finalize your booking. No payment is required at this stage\u2014this is just a preliminary request. In the meantime, if you have any questions&hellip;\" \/>\n<meta property=\"og:url\" content=\"https:\/\/theroyalcamper.com\/de\/thank-you\/\" \/>\n<meta property=\"og:site_name\" content=\"The Royal Camper\" \/>\n<meta property=\"article:modified_time\" content=\"2025-02-10T20:22:06+00:00\" \/>\n<meta name=\"twitter:card\" content=\"summary_large_image\" \/>\n<script type=\"application\/ld+json\" class=\"yoast-schema-graph\">{\"@context\":\"https:\\\/\\\/schema.org\",\"@graph\":[{\"@type\":\"WebPage\",\"@id\":\"https:\\\/\\\/theroyalcamper.com\\\/thank-you\\\/\",\"url\":\"https:\\\/\\\/theroyalcamper.com\\\/thank-you\\\/\",\"name\":\"Thank you! - The Royal Camper\",\"isPartOf\":{\"@id\":\"https:\\\/\\\/theroyalcamper.com\\\/#website\"},\"datePublished\":\"2025-02-10T20:18:38+00:00\",\"dateModified\":\"2025-02-10T20:22:06+00:00\",\"breadcrumb\":{\"@id\":\"https:\\\/\\\/theroyalcamper.com\\\/thank-you\\\/#breadcrumb\"},\"inLanguage\":\"de\",\"potentialAction\":[{\"@type\":\"ReadAction\",\"target\":[\"https:\\\/\\\/theroyalcamper.com\\\/thank-you\\\/\"]}]},{\"@type\":\"BreadcrumbList\",\"@id\":\"https:\\\/\\\/theroyalcamper.com\\\/thank-you\\\/#breadcrumb\",\"itemListElement\":[{\"@type\":\"ListItem\",\"position\":1,\"name\":\"Home\",\"item\":\"https:\\\/\\\/theroyalcamper.com\\\/\"},{\"@type\":\"ListItem\",\"position\":2,\"name\":\"Thank you!\"}]},{\"@type\":\"WebSite\",\"@id\":\"https:\\\/\\\/theroyalcamper.com\\\/#website\",\"url\":\"https:\\\/\\\/theroyalcamper.com\\\/\",\"name\":\"The Royal Camper\",\"description\":\"The Royal Camper\",\"publisher\":{\"@id\":\"https:\\\/\\\/theroyalcamper.com\\\/#organization\"},\"potentialAction\":[{\"@type\":\"SearchAction\",\"target\":{\"@type\":\"EntryPoint\",\"urlTemplate\":\"https:\\\/\\\/theroyalcamper.com\\\/?s={search_term_string}\"},\"query-input\":{\"@type\":\"PropertyValueSpecification\",\"valueRequired\":true,\"valueName\":\"search_term_string\"}}],\"inLanguage\":\"de\"},{\"@type\":\"Organization\",\"@id\":\"https:\\\/\\\/theroyalcamper.com\\\/#organization\",\"name\":\"The Royal Camper\",\"url\":\"https:\\\/\\\/theroyalcamper.com\\\/\",\"logo\":{\"@type\":\"ImageObject\",\"inLanguage\":\"de\",\"@id\":\"https:\\\/\\\/theroyalcamper.com\\\/#\\\/schema\\\/logo\\\/image\\\/\",\"url\":\"https:\\\/\\\/theroyalcamper.com\\\/wp-content\\\/uploads\\\/2024\\\/12\\\/The-Royal-Camper-Logo-3.svg\",\"contentUrl\":\"https:\\\/\\\/theroyalcamper.com\\\/wp-content\\\/uploads\\\/2024\\\/12\\\/The-Royal-Camper-Logo-3.svg\",\"width\":607,\"height\":336,\"caption\":\"The Royal Camper\"},\"image\":{\"@id\":\"https:\\\/\\\/theroyalcamper.com\\\/#\\\/schema\\\/logo\\\/image\\\/\"}}]}<\/script>\n<!-- \/ Yoast SEO plugin. -->","yoast_head_json":{"title":"Thank you! - The Royal Camper","robots":{"index":"index","follow":"follow","max-snippet":"max-snippet:-1","max-image-preview":"max-image-preview:large","max-video-preview":"max-video-preview:-1"},"canonical":"https:\/\/theroyalcamper.com\/de\/thank-you\/","og_locale":"de_DE","og_type":"article","og_title":"Thank you! - The Royal Camper","og_description":"Thank You for Your Request! Your camper van rental request has been successfully submitted! \ud83d\ude90\u2728 Our team is now reviewing the details, and we will contact you shortly to confirm availability and finalize your booking. No payment is required at this stage\u2014this is just a preliminary request. In the meantime, if you have any questions&hellip;","og_url":"https:\/\/theroyalcamper.com\/de\/thank-you\/","og_site_name":"The Royal Camper","article_modified_time":"2025-02-10T20:22:06+00:00","twitter_card":"summary_large_image","schema":{"@context":"https:\/\/schema.org","@graph":[{"@type":"WebPage","@id":"https:\/\/theroyalcamper.com\/thank-you\/","url":"https:\/\/theroyalcamper.com\/thank-you\/","name":"Thank you! - The Royal Camper","isPartOf":{"@id":"https:\/\/theroyalcamper.com\/#website"},"datePublished":"2025-02-10T20:18:38+00:00","dateModified":"2025-02-10T20:22:06+00:00","breadcrumb":{"@id":"https:\/\/theroyalcamper.com\/thank-you\/#breadcrumb"},"inLanguage":"de","potentialAction":[{"@type":"ReadAction","target":["https:\/\/theroyalcamper.com\/thank-you\/"]}]},{"@type":"BreadcrumbList","@id":"https:\/\/theroyalcamper.com\/thank-you\/#breadcrumb","itemListElement":[{"@type":"ListItem","position":1,"name":"Home","item":"https:\/\/theroyalcamper.com\/"},{"@type":"ListItem","position":2,"name":"Thank you!"}]},{"@type":"WebSite","@id":"https:\/\/theroyalcamper.com\/#website","url":"https:\/\/theroyalcamper.com\/","name":"The Royal Camper","description":"The Royal Camper","publisher":{"@id":"https:\/\/theroyalcamper.com\/#organization"},"potentialAction":[{"@type":"SearchAction","target":{"@type":"EntryPoint","urlTemplate":"https:\/\/theroyalcamper.com\/?s={search_term_string}"},"query-input":{"@type":"PropertyValueSpecification","valueRequired":true,"valueName":"search_term_string"}}],"inLanguage":"de"},{"@type":"Organization","@id":"https:\/\/theroyalcamper.com\/#organization","name":"The Royal Camper","url":"https:\/\/theroyalcamper.com\/","logo":{"@type":"ImageObject","inLanguage":"de","@id":"https:\/\/theroyalcamper.com\/#\/schema\/logo\/image\/","url":"https:\/\/theroyalcamper.com\/wp-content\/uploads\/2024\/12\/The-Royal-Camper-Logo-3.svg","contentUrl":"https:\/\/theroyalcamper.com\/wp-content\/uploads\/2024\/12\/The-Royal-Camper-Logo-3.svg","width":607,"height":336,"caption":"The Royal Camper"},"image":{"@id":"https:\/\/theroyalcamper.com\/#\/schema\/logo\/image\/"}}]}},"_links":{"self":[{"href":"https:\/\/theroyalcamper.com\/de\/wp-json\/wp\/v2\/pages\/2304","targetHints":{"allow":["GET"]}}],"collection":[{"href":"https:\/\/theroyalcamper.com\/de\/wp-json\/wp\/v2\/pages"}],"about":[{"href":"https:\/\/theroyalcamper.com\/de\/wp-json\/wp\/v2\/types\/page"}],"author":[{"embeddable":true,"href":"https:\/\/theroyalcamper.com\/de\/wp-json\/wp\/v2\/users\/1"}],"replies":[{"embeddable":true,"href":"https:\/\/theroyalcamper.com\/de\/wp-json\/wp\/v2\/comments?post=2304"}],"version-history":[{"count":3,"href":"https:\/\/theroyalcamper.com\/de\/wp-json\/wp\/v2\/pages\/2304\/revisions"}],"predecessor-version":[{"id":2307,"href":"https:\/\/theroyalcamper.com\/de\/wp-json\/wp\/v2\/pages\/2304\/revisions\/2307"}],"wp:attachment":[{"href":"https:\/\/theroyalcamper.com\/de\/wp-json\/wp\/v2\/media?parent=2304"}],"curies":[{"name":"wp","href":"https:\/\/api.w.org\/{rel}","templated":true}]}}