{"id":1386,"date":"2025-01-18T00:38:22","date_gmt":"2025-01-18T00:38:22","guid":{"rendered":"https:\/\/theroyalcamper.com\/?page_id=1386"},"modified":"2025-02-23T22:27:25","modified_gmt":"2025-02-23T22:27:25","slug":"about","status":"publish","type":"page","link":"https:\/\/theroyalcamper.com\/fr\/about\/","title":{"rendered":"\u00c0 propos"},"content":{"rendered":"<div data-elementor-type=\"wp-page\" data-elementor-id=\"1386\" class=\"elementor elementor-1386\" data-elementor-post-type=\"page\">\n\t\t\t\t<div data-dce-background-image-url=\"https:\/\/theroyalcamper.com\/wp-content\/uploads\/2025\/01\/maina.jpg\" class=\"elementor-element elementor-element-4811a1b e-con-full e-flex e-con e-parent\" data-id=\"4811a1b\" data-element_type=\"container\" data-settings=\"{&quot;background_background&quot;:&quot;classic&quot;}\">\n\t\t\t\t<\/div>\n\t\t<div class=\"elementor-element elementor-element-f44899a e-flex e-con-boxed e-con e-parent\" data-id=\"f44899a\" data-element_type=\"container\">\n\t\t\t\t\t<div class=\"e-con-inner\">\n\t\t\t\t\t<\/div>\n\t\t\t\t<\/div>\n\t\t<div class=\"elementor-element elementor-element-eb3b1c5 e-flex e-con-boxed e-con e-parent\" data-id=\"eb3b1c5\" data-element_type=\"container\">\n\t\t\t\t\t<div class=\"e-con-inner\">\n\t\t<div class=\"elementor-element elementor-element-4b60f9f e-con-full e-flex e-con e-child\" data-id=\"4b60f9f\" data-element_type=\"container\">\n\t\t\t\t<div class=\"elementor-element elementor-element-0f74835 elementor-widget elementor-widget-text-editor\" data-id=\"0f74835\" data-element_type=\"widget\" data-widget_type=\"text-editor.default\">\n\t\t\t\t<div class=\"elementor-widget-container\">\n\t\t\t\t\t\t\t\t\t<p class=\"translation-block\">Bienvenue chez <strong>The Royal Camper<\/strong>, le premier service de location de camping-cars de luxe en Gr\u00e8ce. Notre mission est d\u2019offrir des exp\u00e9riences de voyage inoubliables, alliant confort, \u00e9l\u00e9gance et libert\u00e9 d\u2019exploration. Que vous poursuiviez des couchers de soleil \u00e0 couper le souffle le long des c\u00f4tes immacul\u00e9es de la Gr\u00e8ce ou que vous d\u00e9couvriez des tr\u00e9sors cach\u00e9s au c\u0153ur du continent, nos camping-cars haut de gamme sont votre porte d\u2019entr\u00e9e vers l\u2019aventure.<\/p><p>Chez The Royal Camper, nous croyons que le voyage doit \u00eatre aussi enrichissant que la destination elle-m\u00eame. C\u2019est pourquoi notre flotte est soigneusement con\u00e7ue avec des \u00e9quipements modernes et des touches raffin\u00e9es pour garantir un voyage luxueux et sans encombre. Des int\u00e9rieurs spacieux aux \u00e9quipements de pointe, en passant par un souci constant de la s\u00e9curit\u00e9 et des performances, chaque d\u00e9tail est pens\u00e9 pour vous offrir le traitement royal.<\/p><p>Nous sommes fiers d\u2019\u00eatre bas\u00e9s en Gr\u00e8ce, un pays riche en histoire, en culture et en beaut\u00e9s naturelles. Laissez-nous \u00eatre votre partenaire dans l\u2019exploration de cette terre incroyable, que vous soyez en famille, en couple ou un voyageur solo en qu\u00eate de libert\u00e9 et d\u2019inspiration.<\/p><p>Votre voyage commence avec nous. D\u00e9couvrez la Gr\u00e8ce \u00e0 votre rythme avec The Royal Camper \u2013 luxe, confort et aventure en parfaite harmonie.<\/p>\t\t\t\t\t\t\t\t<\/div>\n\t\t\t\t<\/div>\n\t\t\t\t<\/div>\n\t\t<div data-dce-background-color=\"#2C200C\" data-dce-background-image-url=\"https:\/\/theroyalcamper.com\/wp-content\/uploads\/2025\/01\/Mobilvetta-Backstage-096-1536x1024-1.webp\" class=\"elementor-element elementor-element-d6eb9f8 e-con-full e-flex e-con e-child\" data-id=\"d6eb9f8\" data-element_type=\"container\" data-settings=\"{&quot;background_background&quot;:&quot;classic&quot;}\">\n\t\t\t\t<div class=\"elementor-element elementor-element-6b2e2c9 elementor-widget elementor-widget-image\" data-id=\"6b2e2c9\" data-element_type=\"widget\" data-widget_type=\"image.default\">\n\t\t\t\t<div class=\"elementor-widget-container\">\n\t\t\t\t\t\t\t\t\t\t\t\t\t\t\t<img fetchpriority=\"high\" decoding=\"async\" width=\"607\" height=\"336\" src=\"https:\/\/theroyalcamper.com\/wp-content\/uploads\/2024\/12\/The-Royal-Camper-Logo-3.svg\" class=\"attachment-full size-full wp-image-60\" alt=\"\" \/>\t\t\t\t\t\t\t\t\t\t\t\t\t\t\t<\/div>\n\t\t\t\t<\/div>\n\t\t<div class=\"elementor-element elementor-element-72e9dd9 e-con-full e-flex e-con e-child\" data-id=\"72e9dd9\" data-element_type=\"container\" data-settings=\"{&quot;background_background&quot;:&quot;classic&quot;}\">\n\t\t\t\t<div class=\"elementor-element elementor-element-46012dc elementor-widget elementor-widget-heading\" data-id=\"46012dc\" data-element_type=\"widget\" data-widget_type=\"heading.default\">\n\t\t\t\t<div class=\"elementor-widget-container\">\n\t\t\t\t\t<h4 class=\"elementor-heading-title elementor-size-default\">Informations de contact<\/h4>\t\t\t\t<\/div>\n\t\t\t\t<\/div>\n\t\t\t\t<div class=\"elementor-element elementor-element-3b884c1 elementor-mobile-align-center elementor-icon-list--layout-traditional elementor-list-item-link-full_width elementor-widget elementor-widget-icon-list\" data-id=\"3b884c1\" data-element_type=\"widget\" data-widget_type=\"icon-list.default\">\n\t\t\t\t<div class=\"elementor-widget-container\">\n\t\t\t\t\t\t\t<ul class=\"elementor-icon-list-items\">\n\t\t\t\t\t\t\t<li class=\"elementor-icon-list-item\">\n\t\t\t\t\t\t\t\t\t\t\t<span class=\"elementor-icon-list-icon\">\n\t\t\t\t\t\t\t<i aria-hidden=\"true\" class=\"fas fa-phone-alt\"><\/i>\t\t\t\t\t\t<\/span>\n\t\t\t\t\t\t\t\t\t\t<span class=\"elementor-icon-list-text\">(+30) 6942830001<\/span>\n\t\t\t\t\t\t\t\t\t<\/li>\n\t\t\t\t\t\t\t\t<li class=\"elementor-icon-list-item\">\n\t\t\t\t\t\t\t\t\t\t\t<a href=\"mailto:info@theroyalcamper.com\">\n\n\t\t\t\t\t\t\t\t\t\t\t\t<span class=\"elementor-icon-list-icon\">\n\t\t\t\t\t\t\t<i aria-hidden=\"true\" class=\"fas fa-envelope\"><\/i>\t\t\t\t\t\t<\/span>\n\t\t\t\t\t\t\t\t\t\t<span class=\"elementor-icon-list-text\">info@theroyalcamper.com<\/span>\n\t\t\t\t\t\t\t\t\t\t\t<\/a>\n\t\t\t\t\t\t\t\t\t<\/li>\n\t\t\t\t\t\t\t\t<li class=\"elementor-icon-list-item\">\n\t\t\t\t\t\t\t\t\t\t\t<a href=\"https:\/\/www.google.com\/maps\/place\/Tatoiou+25,+Metamorfosi+144+51\/@38.05299,23.7490403,17z\/data=!3m1!4b1!4m6!3m5!1s0x14a1a20df70b596f:0x5fcdd26f7f96444b!8m2!3d38.0529858!4d23.7516152!16s%2Fg%2F11grv8xf0s?entry=ttu&#038;g_ep=EgoyMDI1MDEwNi4xIKXMDSoASAFQAw%3D%3D\" target=\"_blank\">\n\n\t\t\t\t\t\t\t\t\t\t\t\t<span class=\"elementor-icon-list-icon\">\n\t\t\t\t\t\t\t<i aria-hidden=\"true\" class=\"fas fa-map-marker-alt\"><\/i>\t\t\t\t\t\t<\/span>\n\t\t\t\t\t\t\t\t\t\t<span class=\"elementor-icon-list-text\">Tatoiou 25 ,144 51 Athens, Greece<\/span>\n\t\t\t\t\t\t\t\t\t\t\t<\/a>\n\t\t\t\t\t\t\t\t\t<\/li>\n\t\t\t\t\t\t<\/ul>\n\t\t\t\t\t\t<\/div>\n\t\t\t\t<\/div>\n\t\t\t\t<div class=\"elementor-element elementor-element-c44d5ce elementor-widget elementor-widget-template\" data-id=\"c44d5ce\" data-element_type=\"widget\" data-widget_type=\"template.default\">\n\t\t\t\t<div class=\"elementor-widget-container\">\n\t\t\t\t\t\t\t<div class=\"elementor-template\">\n\t\t\t\t\t<div data-elementor-type=\"section\" data-elementor-id=\"726\" class=\"elementor elementor-726\" data-elementor-post-type=\"elementor_library\">\n\t\t\t<div class=\"elementor-element elementor-element-53eee07 e-flex e-con-boxed e-con e-parent\" data-id=\"53eee07\" data-element_type=\"container\">\n\t\t\t\t\t<div class=\"e-con-inner\">\n\t\t\t\t<div class=\"dce-visibility-event elementor-element elementor-element-a25e92d elementor-view-default elementor-widget elementor-widget-icon\" data-id=\"a25e92d\" data-element_type=\"widget\" data-settings=\"{&quot;enabled_visibility&quot;:&quot;yes&quot;,&quot;dce_visibility_selected&quot;:&quot;hide&quot;}\" data-widget_type=\"icon.default\">\n\t\t\t\t<div class=\"elementor-widget-container\">\n\t\t\t\t\t\t\t<div class=\"elementor-icon-wrapper\">\n\t\t\t<a class=\"elementor-icon\" href=\"https:\/\/www.facebook.com\/profile.php?id=61574168723544\" target=\"_blank\">\n\t\t\t<i aria-hidden=\"true\" class=\"fab fa-facebook-f\"><\/i>\t\t\t<\/a>\n\t\t<\/div>\n\t\t\t\t\t\t<\/div>\n\t\t\t\t<\/div>\n\t\t\t\t<div class=\"dce-visibility-event elementor-element elementor-element-9831c16 elementor-view-default elementor-widget elementor-widget-icon\" data-id=\"9831c16\" data-element_type=\"widget\" data-settings=\"{&quot;enabled_visibility&quot;:&quot;yes&quot;,&quot;dce_visibility_selected&quot;:&quot;hide&quot;}\" data-widget_type=\"icon.default\">\n\t\t\t\t<div class=\"elementor-widget-container\">\n\t\t\t\t\t\t\t<div class=\"elementor-icon-wrapper\">\n\t\t\t<a class=\"elementor-icon\" href=\"https:\/\/www.instagram.com\/theroyalcamperofficial\/\" target=\"_blank\">\n\t\t\t<i aria-hidden=\"true\" class=\"fab fa-instagram\"><\/i>\t\t\t<\/a>\n\t\t<\/div>\n\t\t\t\t\t\t<\/div>\n\t\t\t\t<\/div>\n\t\t\t\t<div class=\"dce-visibility-event elementor-element elementor-element-afa6fde elementor-view-default elementor-widget elementor-widget-icon\" data-id=\"afa6fde\" data-element_type=\"widget\" data-settings=\"{&quot;enabled_visibility&quot;:&quot;yes&quot;,&quot;dce_visibility_selected&quot;:&quot;hide&quot;}\" data-widget_type=\"icon.default\">\n\t\t\t\t<div class=\"elementor-widget-container\">\n\t\t\t\t\t\t\t<div class=\"elementor-icon-wrapper\">\n\t\t\t<a class=\"elementor-icon\" href=\"https:\/\/www.tiktok.com\/@theroyalcamper\" target=\"_blank\">\n\t\t\t<i aria-hidden=\"true\" class=\"fab fa-tiktok\"><\/i>\t\t\t<\/a>\n\t\t<\/div>\n\t\t\t\t\t\t<\/div>\n\t\t\t\t<\/div>\n\t\t\t\t\t<\/div>\n\t\t\t\t<\/div>\n\t\t\t\t<\/div>\n\t\t\t\t<\/div>\n\t\t\t\t\t\t<\/div>\n\t\t\t\t<\/div>\n\t\t\t\t<\/div>\n\t\t\t\t<\/div>\n\t\t\t\t\t<\/div>\n\t\t\t\t<\/div>\n\t\t<div class=\"elementor-element elementor-element-8059f8e e-flex e-con-boxed e-con e-parent\" data-id=\"8059f8e\" data-element_type=\"container\">\n\t\t\t\t\t<div class=\"e-con-inner\">\n\t\t\t\t\t<\/div>\n\t\t\t\t<\/div>\n\t\t<div class=\"elementor-element elementor-element-73425b8 e-flex e-con-boxed e-con e-parent\" data-id=\"73425b8\" data-element_type=\"container\">\n\t\t\t\t\t<div class=\"e-con-inner\">\n\t\t\t\t<div class=\"elementor-element elementor-element-5c41805 elementor-widget elementor-widget-spacer\" data-id=\"5c41805\" data-element_type=\"widget\" data-widget_type=\"spacer.default\">\n\t\t\t\t<div class=\"elementor-widget-container\">\n\t\t\t\t\t\t\t<div class=\"elementor-spacer\">\n\t\t\t<div class=\"elementor-spacer-inner\"><\/div>\n\t\t<\/div>\n\t\t\t\t\t\t<\/div>\n\t\t\t\t<\/div>\n\t\t\t\t\t<\/div>\n\t\t\t\t<\/div>\n\t\t\t\t<\/div>","protected":false},"excerpt":{"rendered":"<p>Welcome to The Royal Camper, Greece\u2019s premier luxury camper van rental service. Our mission is to provide unforgettable travel experiences, blending comfort, elegance, and the freedom to explore. Whether you\u2019re chasing breathtaking sunsets along Greece\u2019s pristine coastlines or discovering hidden gems in the heart of the mainland, our premium camper vans are your gateway to&hellip;<\/p>","protected":false},"author":1,"featured_media":0,"parent":0,"menu_order":0,"comment_status":"closed","ping_status":"closed","template":"elementor_header_footer","meta":{"_acf_changed":false,"_monsterinsights_skip_tracking":false,"_monsterinsights_sitenote_active":false,"_monsterinsights_sitenote_note":"","_monsterinsights_sitenote_category":0,"footnotes":""},"class_list":["post-1386","page","type-page","status-publish","hentry"],"acf":[],"yoast_head":"<!-- This site is optimized with the Yoast SEO plugin v27.5 - https:\/\/yoast.com\/product\/yoast-seo-wordpress\/ -->\n<title>About - The Royal Camper<\/title>\n<meta name=\"robots\" content=\"index, follow, max-snippet:-1, max-image-preview:large, max-video-preview:-1\" \/>\n<link rel=\"canonical\" href=\"https:\/\/theroyalcamper.com\/fr\/about\/\" \/>\n<meta property=\"og:locale\" content=\"fr_FR\" \/>\n<meta property=\"og:type\" content=\"article\" \/>\n<meta property=\"og:title\" content=\"About - The Royal Camper\" \/>\n<meta property=\"og:description\" content=\"Welcome to The Royal Camper, Greece\u2019s premier luxury camper van rental service. Our mission is to provide unforgettable travel experiences, blending comfort, elegance, and the freedom to explore. Whether you\u2019re chasing breathtaking sunsets along Greece\u2019s pristine coastlines or discovering hidden gems in the heart of the mainland, our premium camper vans are your gateway to&hellip;\" \/>\n<meta property=\"og:url\" content=\"https:\/\/theroyalcamper.com\/fr\/about\/\" \/>\n<meta property=\"og:site_name\" content=\"The Royal Camper\" \/>\n<meta property=\"article:modified_time\" content=\"2025-02-23T22:27:25+00:00\" \/>\n<meta property=\"og:image\" content=\"https:\/\/theroyalcamper.com\/wp-content\/uploads\/2024\/12\/The-Royal-Camper-Logo-3.svg\" \/>\n<meta name=\"twitter:card\" content=\"summary_large_image\" \/>\n<meta name=\"twitter:label1\" content=\"Dur\u00e9e de lecture estim\u00e9e\" \/>\n\t<meta name=\"twitter:data1\" content=\"2 minutes\" \/>\n<script type=\"application\/ld+json\" class=\"yoast-schema-graph\">{\"@context\":\"https:\\\/\\\/schema.org\",\"@graph\":[{\"@type\":\"WebPage\",\"@id\":\"https:\\\/\\\/theroyalcamper.com\\\/about\\\/\",\"url\":\"https:\\\/\\\/theroyalcamper.com\\\/about\\\/\",\"name\":\"About - The Royal Camper\",\"isPartOf\":{\"@id\":\"https:\\\/\\\/theroyalcamper.com\\\/#website\"},\"primaryImageOfPage\":{\"@id\":\"https:\\\/\\\/theroyalcamper.com\\\/about\\\/#primaryimage\"},\"image\":{\"@id\":\"https:\\\/\\\/theroyalcamper.com\\\/about\\\/#primaryimage\"},\"thumbnailUrl\":\"https:\\\/\\\/theroyalcamper.com\\\/wp-content\\\/uploads\\\/2024\\\/12\\\/The-Royal-Camper-Logo-3.svg\",\"datePublished\":\"2025-01-18T00:38:22+00:00\",\"dateModified\":\"2025-02-23T22:27:25+00:00\",\"breadcrumb\":{\"@id\":\"https:\\\/\\\/theroyalcamper.com\\\/about\\\/#breadcrumb\"},\"inLanguage\":\"fr-FR\",\"potentialAction\":[{\"@type\":\"ReadAction\",\"target\":[\"https:\\\/\\\/theroyalcamper.com\\\/about\\\/\"]}]},{\"@type\":\"ImageObject\",\"inLanguage\":\"fr-FR\",\"@id\":\"https:\\\/\\\/theroyalcamper.com\\\/about\\\/#primaryimage\",\"url\":\"https:\\\/\\\/theroyalcamper.com\\\/wp-content\\\/uploads\\\/2024\\\/12\\\/The-Royal-Camper-Logo-3.svg\",\"contentUrl\":\"https:\\\/\\\/theroyalcamper.com\\\/wp-content\\\/uploads\\\/2024\\\/12\\\/The-Royal-Camper-Logo-3.svg\"},{\"@type\":\"BreadcrumbList\",\"@id\":\"https:\\\/\\\/theroyalcamper.com\\\/about\\\/#breadcrumb\",\"itemListElement\":[{\"@type\":\"ListItem\",\"position\":1,\"name\":\"Home\",\"item\":\"https:\\\/\\\/theroyalcamper.com\\\/\"},{\"@type\":\"ListItem\",\"position\":2,\"name\":\"About\"}]},{\"@type\":\"WebSite\",\"@id\":\"https:\\\/\\\/theroyalcamper.com\\\/#website\",\"url\":\"https:\\\/\\\/theroyalcamper.com\\\/\",\"name\":\"The Royal Camper\",\"description\":\"The Royal Camper\",\"publisher\":{\"@id\":\"https:\\\/\\\/theroyalcamper.com\\\/#organization\"},\"potentialAction\":[{\"@type\":\"SearchAction\",\"target\":{\"@type\":\"EntryPoint\",\"urlTemplate\":\"https:\\\/\\\/theroyalcamper.com\\\/?s={search_term_string}\"},\"query-input\":{\"@type\":\"PropertyValueSpecification\",\"valueRequired\":true,\"valueName\":\"search_term_string\"}}],\"inLanguage\":\"fr-FR\"},{\"@type\":\"Organization\",\"@id\":\"https:\\\/\\\/theroyalcamper.com\\\/#organization\",\"name\":\"The Royal Camper\",\"url\":\"https:\\\/\\\/theroyalcamper.com\\\/\",\"logo\":{\"@type\":\"ImageObject\",\"inLanguage\":\"fr-FR\",\"@id\":\"https:\\\/\\\/theroyalcamper.com\\\/#\\\/schema\\\/logo\\\/image\\\/\",\"url\":\"https:\\\/\\\/theroyalcamper.com\\\/wp-content\\\/uploads\\\/2024\\\/12\\\/The-Royal-Camper-Logo-3.svg\",\"contentUrl\":\"https:\\\/\\\/theroyalcamper.com\\\/wp-content\\\/uploads\\\/2024\\\/12\\\/The-Royal-Camper-Logo-3.svg\",\"width\":607,\"height\":336,\"caption\":\"The Royal Camper\"},\"image\":{\"@id\":\"https:\\\/\\\/theroyalcamper.com\\\/#\\\/schema\\\/logo\\\/image\\\/\"}}]}<\/script>\n<!-- \/ Yoast SEO plugin. -->","yoast_head_json":{"title":"About - The Royal Camper","robots":{"index":"index","follow":"follow","max-snippet":"max-snippet:-1","max-image-preview":"max-image-preview:large","max-video-preview":"max-video-preview:-1"},"canonical":"https:\/\/theroyalcamper.com\/fr\/about\/","og_locale":"fr_FR","og_type":"article","og_title":"About - The Royal Camper","og_description":"Welcome to The Royal Camper, Greece\u2019s premier luxury camper van rental service. Our mission is to provide unforgettable travel experiences, blending comfort, elegance, and the freedom to explore. Whether you\u2019re chasing breathtaking sunsets along Greece\u2019s pristine coastlines or discovering hidden gems in the heart of the mainland, our premium camper vans are your gateway to&hellip;","og_url":"https:\/\/theroyalcamper.com\/fr\/about\/","og_site_name":"The Royal Camper","article_modified_time":"2025-02-23T22:27:25+00:00","og_image":[{"url":"https:\/\/theroyalcamper.com\/wp-content\/uploads\/2024\/12\/The-Royal-Camper-Logo-3.svg","type":"","width":"","height":""}],"twitter_card":"summary_large_image","twitter_misc":{"Dur\u00e9e de lecture estim\u00e9e":"2 minutes"},"schema":{"@context":"https:\/\/schema.org","@graph":[{"@type":"WebPage","@id":"https:\/\/theroyalcamper.com\/about\/","url":"https:\/\/theroyalcamper.com\/about\/","name":"About - The Royal Camper","isPartOf":{"@id":"https:\/\/theroyalcamper.com\/#website"},"primaryImageOfPage":{"@id":"https:\/\/theroyalcamper.com\/about\/#primaryimage"},"image":{"@id":"https:\/\/theroyalcamper.com\/about\/#primaryimage"},"thumbnailUrl":"https:\/\/theroyalcamper.com\/wp-content\/uploads\/2024\/12\/The-Royal-Camper-Logo-3.svg","datePublished":"2025-01-18T00:38:22+00:00","dateModified":"2025-02-23T22:27:25+00:00","breadcrumb":{"@id":"https:\/\/theroyalcamper.com\/about\/#breadcrumb"},"inLanguage":"fr-FR","potentialAction":[{"@type":"ReadAction","target":["https:\/\/theroyalcamper.com\/about\/"]}]},{"@type":"ImageObject","inLanguage":"fr-FR","@id":"https:\/\/theroyalcamper.com\/about\/#primaryimage","url":"https:\/\/theroyalcamper.com\/wp-content\/uploads\/2024\/12\/The-Royal-Camper-Logo-3.svg","contentUrl":"https:\/\/theroyalcamper.com\/wp-content\/uploads\/2024\/12\/The-Royal-Camper-Logo-3.svg"},{"@type":"BreadcrumbList","@id":"https:\/\/theroyalcamper.com\/about\/#breadcrumb","itemListElement":[{"@type":"ListItem","position":1,"name":"Home","item":"https:\/\/theroyalcamper.com\/"},{"@type":"ListItem","position":2,"name":"About"}]},{"@type":"WebSite","@id":"https:\/\/theroyalcamper.com\/#website","url":"https:\/\/theroyalcamper.com\/","name":"The Royal Camper","description":"The Royal Camper","publisher":{"@id":"https:\/\/theroyalcamper.com\/#organization"},"potentialAction":[{"@type":"SearchAction","target":{"@type":"EntryPoint","urlTemplate":"https:\/\/theroyalcamper.com\/?s={search_term_string}"},"query-input":{"@type":"PropertyValueSpecification","valueRequired":true,"valueName":"search_term_string"}}],"inLanguage":"fr-FR"},{"@type":"Organization","@id":"https:\/\/theroyalcamper.com\/#organization","name":"The Royal Camper","url":"https:\/\/theroyalcamper.com\/","logo":{"@type":"ImageObject","inLanguage":"fr-FR","@id":"https:\/\/theroyalcamper.com\/#\/schema\/logo\/image\/","url":"https:\/\/theroyalcamper.com\/wp-content\/uploads\/2024\/12\/The-Royal-Camper-Logo-3.svg","contentUrl":"https:\/\/theroyalcamper.com\/wp-content\/uploads\/2024\/12\/The-Royal-Camper-Logo-3.svg","width":607,"height":336,"caption":"The Royal Camper"},"image":{"@id":"https:\/\/theroyalcamper.com\/#\/schema\/logo\/image\/"}}]}},"_links":{"self":[{"href":"https:\/\/theroyalcamper.com\/fr\/wp-json\/wp\/v2\/pages\/1386","targetHints":{"allow":["GET"]}}],"collection":[{"href":"https:\/\/theroyalcamper.com\/fr\/wp-json\/wp\/v2\/pages"}],"about":[{"href":"https:\/\/theroyalcamper.com\/fr\/wp-json\/wp\/v2\/types\/page"}],"author":[{"embeddable":true,"href":"https:\/\/theroyalcamper.com\/fr\/wp-json\/wp\/v2\/users\/1"}],"replies":[{"embeddable":true,"href":"https:\/\/theroyalcamper.com\/fr\/wp-json\/wp\/v2\/comments?post=1386"}],"version-history":[{"count":49,"href":"https:\/\/theroyalcamper.com\/fr\/wp-json\/wp\/v2\/pages\/1386\/revisions"}],"predecessor-version":[{"id":2761,"href":"https:\/\/theroyalcamper.com\/fr\/wp-json\/wp\/v2\/pages\/1386\/revisions\/2761"}],"wp:attachment":[{"href":"https:\/\/theroyalcamper.com\/fr\/wp-json\/wp\/v2\/media?parent=1386"}],"curies":[{"name":"wp","href":"https:\/\/api.w.org\/{rel}","templated":true}]}}